{"id":387,"date":"2021-08-04T14:46:35","date_gmt":"2021-08-04T12:46:35","guid":{"rendered":"http:\/\/kizomba-amiens.fr\/?page_id=387"},"modified":"2025-05-25T18:33:38","modified_gmt":"2025-05-25T16:33:38","slug":"home","status":"publish","type":"page","link":"https:\/\/www.kizomba-amiens.fr\/","title":{"rendered":"Formulaire d&rsquo;inscription 2025 &#8211; 2026"},"content":{"rendered":"<p>T\u00e9l\u00e9charger votre fiche d&rsquo;inscription saison 2025 &#8211; 2026<\/p>\n<p>en cliquant sur le lien suivant votre fiche d&rsquo;inscription\u00a0 !!!!<\/p>\n<p>Fiche d&rsquo;inscription Kizomba 2025_2026<\/p>\n<p>&nbsp;<\/p>\n<p>Ou remplissez ce formulaire pour la saison 2025 &#8211; 2026<\/p>\n<div class=\"wpforms-container wpforms-container-full\" id=\"wpforms-314\"><form id=\"wpforms-form-314\" class=\"wpforms-validate wpforms-form\" data-formid=\"314\" method=\"post\" enctype=\"multipart\/form-data\" action=\"\/index.php?rest_route=%2Fwp%2Fv2%2Fpages%2F387\" data-token=\"09c2c96be1d0fc3a70cd5f1087adfd51\" data-token-time=\"1778067371\"><div class=\"wpforms-head-container\"><div class=\"wpforms-title\">Formulaire d&#039;inscription 2025-2026<\/div><div class=\"wpforms-description\">Votre inscription au cours de KIZOMBA AMIENS.\r\n<\/div><\/div><noscript class=\"wpforms-error-noscript\">Veuillez activer JavaScript dans votre navigateur pour remplir ce formulaire.<\/noscript><div class=\"wpforms-field-container\"><div id=\"wpforms-314-field_0-container\" class=\"wpforms-field wpforms-field-name\" data-field-id=\"0\"><label class=\"wpforms-field-label\" for=\"wpforms-314-field_0\">Nom <span class=\"wpforms-required-label\">*<\/span><\/label><input type=\"text\" id=\"wpforms-314-field_0\" class=\"wpforms-field-medium wpforms-field-required\" name=\"wpforms[fields][0]\" required><\/div><div id=\"wpforms-314-field_7-container\" class=\"wpforms-field wpforms-field-name\" data-field-id=\"7\"><label class=\"wpforms-field-label\" for=\"wpforms-314-field_7\">Pr\u00e9nom <span class=\"wpforms-required-label\">*<\/span><\/label><input type=\"text\" id=\"wpforms-314-field_7\" class=\"wpforms-field-medium wpforms-field-required\" name=\"wpforms[fields][7]\" required><\/div><div id=\"wpforms-314-field_11-container\" class=\"wpforms-field wpforms-field-number\" data-field-id=\"11\"><label class=\"wpforms-field-label\" for=\"wpforms-314-field_11\">Portable<\/label><input type=\"number\" id=\"wpforms-314-field_11\" class=\"wpforms-field-medium\" name=\"wpforms[fields][11]\" step=\"any\" ><\/div><div id=\"wpforms-314-field_5-container\" class=\"wpforms-field wpforms-field-email\" data-field-id=\"5\"><label class=\"wpforms-field-label\" for=\"wpforms-314-field_5\">Mail <span class=\"wpforms-required-label\">*<\/span><\/label><input type=\"email\" id=\"wpforms-314-field_5\" class=\"wpforms-field-medium wpforms-field-required\" name=\"wpforms[fields][5]\" spellcheck=\"false\" required><\/div><div id=\"wpforms-314-field_16-container\" class=\"wpforms-field wpforms-field-checkbox wpforms-list-2-columns\" data-field-id=\"16\"><label class=\"wpforms-field-label\">Leader\/Follower<\/label><ul id=\"wpforms-314-field_16\" data-choice-limit=\"2\"><li class=\"choice-1 depth-1\"><input type=\"checkbox\" id=\"wpforms-314-field_16_1\" data-rule-check-limit=\"true\" name=\"wpforms[fields][16][]\" value=\"Leader (Cavalier)\"  ><label class=\"wpforms-field-label-inline\" for=\"wpforms-314-field_16_1\">Leader (Cavalier)<\/label><\/li><li class=\"choice-4 depth-1\"><input type=\"checkbox\" id=\"wpforms-314-field_16_4\" data-rule-check-limit=\"true\" name=\"wpforms[fields][16][]\" value=\"Follower (Cavali\u00e8re)\"  ><label class=\"wpforms-field-label-inline\" for=\"wpforms-314-field_16_4\">Follower (Cavali\u00e8re)<\/label><\/li><\/ul><\/div><div id=\"wpforms-314-field_2-container\" class=\"wpforms-field wpforms-field-checkbox\" data-field-id=\"2\"><label class=\"wpforms-field-label\">Cours d\u00e9butant  Tous les Mardis 20H00 \u2013 21H00<\/label><ul id=\"wpforms-314-field_2\"><li class=\"choice-1 depth-1\"><input type=\"checkbox\" id=\"wpforms-314-field_2_1\" name=\"wpforms[fields][2][]\" value=\"Kizomba d\u00e9butant - Toute l\u2019ann\u00e9e  : 180\u20ac  (8\u20ac de frais d\u2019adh\u00e9sion inclus)\"  ><label class=\"wpforms-field-label-inline\" for=\"wpforms-314-field_2_1\">Kizomba d\u00e9butant - Toute l\u2019ann\u00e9e  : 180\u20ac  (8\u20ac de frais d\u2019adh\u00e9sion inclus)<\/label><\/li><li class=\"choice-2 depth-1\"><input type=\"checkbox\" id=\"wpforms-314-field_2_2\" name=\"wpforms[fields][2][]\" value=\"Kizomba d\u00e9butant \u2013 Carte 10 cours : 88,00\u20ac (8\u20ac de frais d\u2019adh\u00e9sion inclus)\"  ><label class=\"wpforms-field-label-inline\" for=\"wpforms-314-field_2_2\">Kizomba d\u00e9butant \u2013 Carte 10 cours : 88,00\u20ac (8\u20ac de frais d\u2019adh\u00e9sion inclus)<\/label><\/li><\/ul><\/div><div id=\"wpforms-314-field_6-container\" class=\"wpforms-field wpforms-field-checkbox\" data-field-id=\"6\"><label class=\"wpforms-field-label\">Cours Interm\u00e9diaire et avanc\u00e9 Tous les mardis 21H00 \u2013 22H00<\/label><ul id=\"wpforms-314-field_6\"><li class=\"choice-1 depth-1\"><input type=\"checkbox\" id=\"wpforms-314-field_6_1\" name=\"wpforms[fields][6][]\" value=\"Kizomba Inter\/Avanc\u00e9- Toute l\u2019ann\u00e9e  : 180\u20ac (8\u20ac de frais d\u2019adh\u00e9sion inclus)\"  ><label class=\"wpforms-field-label-inline\" for=\"wpforms-314-field_6_1\">Kizomba Inter\/Avanc\u00e9- Toute l\u2019ann\u00e9e  : 180\u20ac (8\u20ac de frais d\u2019adh\u00e9sion inclus)<\/label><\/li><li class=\"choice-2 depth-1\"><input type=\"checkbox\" id=\"wpforms-314-field_6_2\" name=\"wpforms[fields][6][]\" value=\"Kizomba Inter\/Avanc\u00e9 - 10 cours   : 88,00\u20ac (8\u20ac de frais d\u2019adh\u00e9sion inclus)\"  ><label class=\"wpforms-field-label-inline\" for=\"wpforms-314-field_6_2\">Kizomba Inter\/Avanc\u00e9 - 10 cours   : 88,00\u20ac (8\u20ac de frais d\u2019adh\u00e9sion inclus)<\/label><\/li><\/ul><\/div><div id=\"wpforms-314-field_14-container\" class=\"wpforms-field wpforms-field-payment-checkbox wpforms-list-2-columns\" data-field-id=\"14\"><label class=\"wpforms-field-label\">Paiement<\/label><ul id=\"wpforms-314-field_14\"><li class=\"choice-1\"><input type=\"checkbox\" id=\"wpforms-314-field_14_1\" class=\"wpforms-payment-price\" data-amount=\"0.00\" name=\"wpforms[fields][14][]\" value=\"1\"  ><label class=\"wpforms-field-label-inline\" for=\"wpforms-314-field_14_1\">Ch\u00e8ques<\/label><\/li><li class=\"choice-2\"><input type=\"checkbox\" id=\"wpforms-314-field_14_2\" class=\"wpforms-payment-price\" data-amount=\"0.00\" name=\"wpforms[fields][14][]\" value=\"2\"  ><label class=\"wpforms-field-label-inline\" for=\"wpforms-314-field_14_2\">Esp\u00e8ces<\/label><\/li><\/ul><div class=\"wpforms-field-description\">* possibilit\u00e9 de payer en 3 fois sans frais\nL\u2019inscription n\u2019est valable que pour un cours par semaine. L\u2019acc\u00e8s au niveau interm\u00e9diaire sera valid\u00e9 par le professeur, Aucun remboursement ne pourra \u00eatre\ndemand\u00e9 une fois l\u2019inscription valid\u00e9e Merci de votre confiance !!!<\/div><\/div><\/div><!-- .wpforms-field-container --><div class=\"wpforms-submit-container\" ><input type=\"hidden\" name=\"wpforms[id]\" value=\"314\"><input type=\"hidden\" name=\"page_title\" value=\"\"><input type=\"hidden\" name=\"page_url\" value=\"https:\/\/www.kizomba-amiens.fr\/index.php?rest_route=\/wp\/v2\/pages\/387\"><input type=\"hidden\" name=\"url_referer\" value=\"\"><button type=\"submit\" name=\"wpforms[submit]\" id=\"wpforms-submit-314\" class=\"wpforms-submit\" data-alt-text=\"Information pris en compte\" data-submit-text=\"Envoyer\" aria-live=\"assertive\" value=\"wpforms-submit\">Envoyer<\/button><\/div><\/form><\/div>  <!-- .wpforms-container -->\n<p>&nbsp;<\/p>\n<p>&nbsp;<\/p>\n","protected":false},"excerpt":{"rendered":"<p>T\u00e9l\u00e9charger votre fiche d&rsquo;inscription saison 2025 &#8211; 2026 en cliquant sur le lien suivant votre fiche d&rsquo;inscription\u00a0 !!!! Fiche d&rsquo;inscription Kizomba 2025_2026 &nbsp; Ou remplissez ce formulaire pour la saison 2025 &#8211; 2026 &nbsp; &nbsp;<\/p>\n","protected":false},"author":1,"featured_media":0,"parent":0,"menu_order":0,"comment_status":"closed","ping_status":"closed","template":"","meta":{"footnotes":""},"class_list":["post-387","page","type-page","status-publish","hentry"],"yoast_head":"<!-- This site is optimized with the Yoast SEO plugin v25.9 - https:\/\/yoast.com\/wordpress\/plugins\/seo\/ -->\n<title>Formulaire d&#039;inscription 2025 - 2026 - KIZOMBA AMIENS<\/title>\n<meta name=\"robots\" content=\"index, follow, max-snippet:-1, max-image-preview:large, max-video-preview:-1\" \/>\n<link rel=\"canonical\" href=\"https:\/\/www.kizomba-amiens.fr\/\" \/>\n<meta property=\"og:locale\" content=\"fr_FR\" \/>\n<meta property=\"og:type\" content=\"article\" \/>\n<meta property=\"og:title\" content=\"Formulaire d&#039;inscription 2025 - 2026 - KIZOMBA AMIENS\" \/>\n<meta property=\"og:description\" content=\"T\u00e9l\u00e9charger votre fiche d&rsquo;inscription saison 2025 &#8211; 2026 en cliquant sur le lien suivant votre fiche d&rsquo;inscription\u00a0 !!!! Fiche d&rsquo;inscription Kizomba 2025_2026 &nbsp; Ou remplissez ce formulaire pour la saison 2025 &#8211; 2026 &nbsp; &nbsp;\" \/>\n<meta property=\"og:url\" content=\"https:\/\/www.kizomba-amiens.fr\/\" \/>\n<meta property=\"og:site_name\" content=\"KIZOMBA AMIENS\" \/>\n<meta property=\"article:publisher\" content=\"https:\/\/www.facebook.com\/kizomba.amiens\" \/>\n<meta property=\"article:modified_time\" content=\"2025-05-25T16:33:38+00:00\" \/>\n<meta name=\"twitter:card\" content=\"summary_large_image\" \/>\n<meta name=\"twitter:label1\" content=\"Dur\u00e9e de lecture estim\u00e9e\" \/>\n\t<meta name=\"twitter:data1\" content=\"1 minute\" \/>\n<script type=\"application\/ld+json\" class=\"yoast-schema-graph\">{\"@context\":\"https:\/\/schema.org\",\"@graph\":[{\"@type\":\"WebPage\",\"@id\":\"https:\/\/www.kizomba-amiens.fr\/\",\"url\":\"https:\/\/www.kizomba-amiens.fr\/\",\"name\":\"Formulaire d'inscription 2025 - 2026 - KIZOMBA AMIENS\",\"isPartOf\":{\"@id\":\"https:\/\/www.kizomba-amiens.fr\/#website\"},\"datePublished\":\"2021-08-04T12:46:35+00:00\",\"dateModified\":\"2025-05-25T16:33:38+00:00\",\"breadcrumb\":{\"@id\":\"https:\/\/www.kizomba-amiens.fr\/#breadcrumb\"},\"inLanguage\":\"fr-FR\",\"potentialAction\":[{\"@type\":\"ReadAction\",\"target\":[\"https:\/\/www.kizomba-amiens.fr\/\"]}]},{\"@type\":\"BreadcrumbList\",\"@id\":\"https:\/\/www.kizomba-amiens.fr\/#breadcrumb\",\"itemListElement\":[{\"@type\":\"ListItem\",\"position\":1,\"name\":\"Home\",\"item\":\"https:\/\/www.kizomba-amiens.fr\/\"},{\"@type\":\"ListItem\",\"position\":2,\"name\":\"Formulaire d&rsquo;inscription 2025 &#8211; 2026\"}]},{\"@type\":\"WebSite\",\"@id\":\"https:\/\/www.kizomba-amiens.fr\/#website\",\"url\":\"https:\/\/www.kizomba-amiens.fr\/\",\"name\":\"KIZOMBA AMIENS\",\"description\":\"Les mardis ensoleill\u00e9s\",\"potentialAction\":[{\"@type\":\"SearchAction\",\"target\":{\"@type\":\"EntryPoint\",\"urlTemplate\":\"https:\/\/www.kizomba-amiens.fr\/?s={search_term_string}\"},\"query-input\":{\"@type\":\"PropertyValueSpecification\",\"valueRequired\":true,\"valueName\":\"search_term_string\"}}],\"inLanguage\":\"fr-FR\"}]}<\/script>\n<!-- \/ Yoast SEO plugin. -->","yoast_head_json":{"title":"Formulaire d'inscription 2025 - 2026 - KIZOMBA AMIENS","robots":{"index":"index","follow":"follow","max-snippet":"max-snippet:-1","max-image-preview":"max-image-preview:large","max-video-preview":"max-video-preview:-1"},"canonical":"https:\/\/www.kizomba-amiens.fr\/","og_locale":"fr_FR","og_type":"article","og_title":"Formulaire d'inscription 2025 - 2026 - KIZOMBA AMIENS","og_description":"T\u00e9l\u00e9charger votre fiche d&rsquo;inscription saison 2025 &#8211; 2026 en cliquant sur le lien suivant votre fiche d&rsquo;inscription\u00a0 !!!! Fiche d&rsquo;inscription Kizomba 2025_2026 &nbsp; Ou remplissez ce formulaire pour la saison 2025 &#8211; 2026 &nbsp; &nbsp;","og_url":"https:\/\/www.kizomba-amiens.fr\/","og_site_name":"KIZOMBA AMIENS","article_publisher":"https:\/\/www.facebook.com\/kizomba.amiens","article_modified_time":"2025-05-25T16:33:38+00:00","twitter_card":"summary_large_image","twitter_misc":{"Dur\u00e9e de lecture estim\u00e9e":"1 minute"},"schema":{"@context":"https:\/\/schema.org","@graph":[{"@type":"WebPage","@id":"https:\/\/www.kizomba-amiens.fr\/","url":"https:\/\/www.kizomba-amiens.fr\/","name":"Formulaire d'inscription 2025 - 2026 - KIZOMBA AMIENS","isPartOf":{"@id":"https:\/\/www.kizomba-amiens.fr\/#website"},"datePublished":"2021-08-04T12:46:35+00:00","dateModified":"2025-05-25T16:33:38+00:00","breadcrumb":{"@id":"https:\/\/www.kizomba-amiens.fr\/#breadcrumb"},"inLanguage":"fr-FR","potentialAction":[{"@type":"ReadAction","target":["https:\/\/www.kizomba-amiens.fr\/"]}]},{"@type":"BreadcrumbList","@id":"https:\/\/www.kizomba-amiens.fr\/#breadcrumb","itemListElement":[{"@type":"ListItem","position":1,"name":"Home","item":"https:\/\/www.kizomba-amiens.fr\/"},{"@type":"ListItem","position":2,"name":"Formulaire d&rsquo;inscription 2025 &#8211; 2026"}]},{"@type":"WebSite","@id":"https:\/\/www.kizomba-amiens.fr\/#website","url":"https:\/\/www.kizomba-amiens.fr\/","name":"KIZOMBA AMIENS","description":"Les mardis ensoleill\u00e9s","potentialAction":[{"@type":"SearchAction","target":{"@type":"EntryPoint","urlTemplate":"https:\/\/www.kizomba-amiens.fr\/?s={search_term_string}"},"query-input":{"@type":"PropertyValueSpecification","valueRequired":true,"valueName":"search_term_string"}}],"inLanguage":"fr-FR"}]}},"_links":{"self":[{"href":"https:\/\/www.kizomba-amiens.fr\/index.php?rest_route=\/wp\/v2\/pages\/387","targetHints":{"allow":["GET"]}}],"collection":[{"href":"https:\/\/www.kizomba-amiens.fr\/index.php?rest_route=\/wp\/v2\/pages"}],"about":[{"href":"https:\/\/www.kizomba-amiens.fr\/index.php?rest_route=\/wp\/v2\/types\/page"}],"author":[{"embeddable":true,"href":"https:\/\/www.kizomba-amiens.fr\/index.php?rest_route=\/wp\/v2\/users\/1"}],"replies":[{"embeddable":true,"href":"https:\/\/www.kizomba-amiens.fr\/index.php?rest_route=%2Fwp%2Fv2%2Fcomments&post=387"}],"version-history":[{"count":18,"href":"https:\/\/www.kizomba-amiens.fr\/index.php?rest_route=\/wp\/v2\/pages\/387\/revisions"}],"predecessor-version":[{"id":660,"href":"https:\/\/www.kizomba-amiens.fr\/index.php?rest_route=\/wp\/v2\/pages\/387\/revisions\/660"}],"wp:attachment":[{"href":"https:\/\/www.kizomba-amiens.fr\/index.php?rest_route=%2Fwp%2Fv2%2Fmedia&parent=387"}],"curies":[{"name":"wp","href":"https:\/\/api.w.org\/{rel}","templated":true}]}}