{"id":21,"date":"2018-08-25T14:14:13","date_gmt":"2018-08-25T12:14:13","guid":{"rendered":"http:\/\/kizomba-amiens.fr\/?page_id=21"},"modified":"2025-09-14T13:32:26","modified_gmt":"2025-09-14T11:32:26","slug":"contact","status":"publish","type":"page","link":"https:\/\/www.kizomba-amiens.fr\/?page_id=21","title":{"rendered":"Contact"},"content":{"rendered":"<p>Inscrivez-vous en t\u00e9l\u00e9chargeant votre fiche\u00a0 !!!<\/p>\n<p>Pour tous renseignements, questions, remarques et\/ou inscriptions, n\u2019h\u00e9sitez pas \u00e0 nous envoyer un mail \u00e0 l\u2019adresse : <a href=\"mailto:info@kizomba-amiens.fr\">info@kizomba-amiens.fr<\/a><br \/>\nOu nous contacter au : 07 83 04 64 79<\/p>\n<p>Vous pouvez nous rencontrer RDV aux dates suivants \u00a0et vous inscrire \u00a0pour les cours 2025 &#8211; 2026<\/p>\n<p><strong>09\/09\/2025<\/strong> : Journ\u00e9e portes Ouvertes<\/p>\n<p><strong>16\/06\/2025<\/strong> : D\u00e9but des cours ( possibilit\u00e9 du faire un cours d&rsquo;\u00e9ssai)<\/p>\n<p>Facebook: <a href=\"http:\/\/facebook.com\/kizomba.amiens\">Kizomba Amiens<\/a><\/p>\n<p>Lieu des cours : <a href=\"https:\/\/goo.gl\/maps\/Wv8Yk489bDQ2\"><span class=\"st\"><em>Ecole<\/em> El\u00e9mentaire <em>Paul Vincensini<\/em> &#8211; 17 rue L\u00e9on Dupontreue, 80080 Amiens<\/span><\/a><\/p>\n<p><iframe loading=\"lazy\" style=\"border: 0;\" src=\"https:\/\/www.google.com\/maps\/embed?pb=!1m18!1m12!1m3!1d2569.693234961228!2d2.3066738657116974!3d49.90456232940387!2m3!1f0!2f0!3f0!3m2!1i1024!2i768!4f13.1!3m3!1m2!1s0x47e7842e3ec7234f%3A0xf2cbacd927b6761a!2s%C3%89cole+Publique+Paul+Vincensini%2C+80080+Amiens!5e0!3m2!1sfr!2sfr!4v1540462554629\" width=\"600\" height=\"450\" frameborder=\"0\" allowfullscreen=\"allowfullscreen\"><\/iframe><\/p>\n","protected":false},"excerpt":{"rendered":"<p>Inscrivez-vous en t\u00e9l\u00e9chargeant votre fiche\u00a0 !!! Pour tous renseignements, questions, remarques et\/ou inscriptions, n\u2019h\u00e9sitez pas \u00e0 nous envoyer un mail \u00e0 l\u2019adresse : info@kizomba-amiens.fr Ou nous contacter au : 07 83 04 64 79 Vous pouvez nous rencontrer RDV aux dates suivants \u00a0et vous inscrire \u00a0pour les cours 2025 &#8211; 2026 09\/09\/2025 : Journ\u00e9e portes [&hellip;]<\/p>\n","protected":false},"author":1,"featured_media":0,"parent":0,"menu_order":0,"comment_status":"closed","ping_status":"closed","template":"","meta":{"footnotes":""},"class_list":["post-21","page","type-page","status-publish","hentry"],"yoast_head":"<!-- This site is optimized with the Yoast SEO plugin v25.9 - https:\/\/yoast.com\/wordpress\/plugins\/seo\/ -->\n<title>Contact - KIZOMBA AMIENS<\/title>\n<meta name=\"robots\" content=\"index, follow, max-snippet:-1, max-image-preview:large, max-video-preview:-1\" \/>\n<link rel=\"canonical\" href=\"https:\/\/www.kizomba-amiens.fr\/?page_id=21\" \/>\n<meta property=\"og:locale\" content=\"fr_FR\" \/>\n<meta property=\"og:type\" content=\"article\" \/>\n<meta property=\"og:title\" content=\"Contact - KIZOMBA AMIENS\" \/>\n<meta property=\"og:description\" content=\"Inscrivez-vous en t\u00e9l\u00e9chargeant votre fiche\u00a0 !!! Pour tous renseignements, questions, remarques et\/ou inscriptions, n\u2019h\u00e9sitez pas \u00e0 nous envoyer un mail \u00e0 l\u2019adresse : info@kizomba-amiens.fr Ou nous contacter au : 07 83 04 64 79 Vous pouvez nous rencontrer RDV aux dates suivants \u00a0et vous inscrire \u00a0pour les cours 2025 &#8211; 2026 09\/09\/2025 : Journ\u00e9e portes [&hellip;]\" \/>\n<meta property=\"og:url\" content=\"https:\/\/www.kizomba-amiens.fr\/?page_id=21\" \/>\n<meta property=\"og:site_name\" content=\"KIZOMBA AMIENS\" \/>\n<meta property=\"article:publisher\" content=\"https:\/\/www.facebook.com\/kizomba.amiens\" \/>\n<meta property=\"article:modified_time\" content=\"2025-09-14T11:32:26+00:00\" \/>\n<meta name=\"twitter:card\" content=\"summary_large_image\" \/>\n<meta name=\"twitter:label1\" content=\"Dur\u00e9e de lecture estim\u00e9e\" \/>\n\t<meta name=\"twitter:data1\" content=\"1 minute\" \/>\n<script type=\"application\/ld+json\" class=\"yoast-schema-graph\">{\"@context\":\"https:\/\/schema.org\",\"@graph\":[{\"@type\":\"WebPage\",\"@id\":\"https:\/\/www.kizomba-amiens.fr\/?page_id=21\",\"url\":\"https:\/\/www.kizomba-amiens.fr\/?page_id=21\",\"name\":\"Contact - KIZOMBA AMIENS\",\"isPartOf\":{\"@id\":\"https:\/\/www.kizomba-amiens.fr\/#website\"},\"datePublished\":\"2018-08-25T12:14:13+00:00\",\"dateModified\":\"2025-09-14T11:32:26+00:00\",\"breadcrumb\":{\"@id\":\"https:\/\/www.kizomba-amiens.fr\/?page_id=21#breadcrumb\"},\"inLanguage\":\"fr-FR\",\"potentialAction\":[{\"@type\":\"ReadAction\",\"target\":[\"https:\/\/www.kizomba-amiens.fr\/?page_id=21\"]}]},{\"@type\":\"BreadcrumbList\",\"@id\":\"https:\/\/www.kizomba-amiens.fr\/?page_id=21#breadcrumb\",\"itemListElement\":[{\"@type\":\"ListItem\",\"position\":1,\"name\":\"Home\",\"item\":\"https:\/\/www.kizomba-amiens.fr\/\"},{\"@type\":\"ListItem\",\"position\":2,\"name\":\"Contact\"}]},{\"@type\":\"WebSite\",\"@id\":\"https:\/\/www.kizomba-amiens.fr\/#website\",\"url\":\"https:\/\/www.kizomba-amiens.fr\/\",\"name\":\"KIZOMBA AMIENS\",\"description\":\"Les mardis ensoleill\u00e9s\",\"potentialAction\":[{\"@type\":\"SearchAction\",\"target\":{\"@type\":\"EntryPoint\",\"urlTemplate\":\"https:\/\/www.kizomba-amiens.fr\/?s={search_term_string}\"},\"query-input\":{\"@type\":\"PropertyValueSpecification\",\"valueRequired\":true,\"valueName\":\"search_term_string\"}}],\"inLanguage\":\"fr-FR\"}]}<\/script>\n<!-- \/ Yoast SEO plugin. -->","yoast_head_json":{"title":"Contact - KIZOMBA AMIENS","robots":{"index":"index","follow":"follow","max-snippet":"max-snippet:-1","max-image-preview":"max-image-preview:large","max-video-preview":"max-video-preview:-1"},"canonical":"https:\/\/www.kizomba-amiens.fr\/?page_id=21","og_locale":"fr_FR","og_type":"article","og_title":"Contact - KIZOMBA AMIENS","og_description":"Inscrivez-vous en t\u00e9l\u00e9chargeant votre fiche\u00a0 !!! Pour tous renseignements, questions, remarques et\/ou inscriptions, n\u2019h\u00e9sitez pas \u00e0 nous envoyer un mail \u00e0 l\u2019adresse : info@kizomba-amiens.fr Ou nous contacter au : 07 83 04 64 79 Vous pouvez nous rencontrer RDV aux dates suivants \u00a0et vous inscrire \u00a0pour les cours 2025 &#8211; 2026 09\/09\/2025 : Journ\u00e9e portes [&hellip;]","og_url":"https:\/\/www.kizomba-amiens.fr\/?page_id=21","og_site_name":"KIZOMBA AMIENS","article_publisher":"https:\/\/www.facebook.com\/kizomba.amiens","article_modified_time":"2025-09-14T11:32:26+00:00","twitter_card":"summary_large_image","twitter_misc":{"Dur\u00e9e de lecture estim\u00e9e":"1 minute"},"schema":{"@context":"https:\/\/schema.org","@graph":[{"@type":"WebPage","@id":"https:\/\/www.kizomba-amiens.fr\/?page_id=21","url":"https:\/\/www.kizomba-amiens.fr\/?page_id=21","name":"Contact - KIZOMBA AMIENS","isPartOf":{"@id":"https:\/\/www.kizomba-amiens.fr\/#website"},"datePublished":"2018-08-25T12:14:13+00:00","dateModified":"2025-09-14T11:32:26+00:00","breadcrumb":{"@id":"https:\/\/www.kizomba-amiens.fr\/?page_id=21#breadcrumb"},"inLanguage":"fr-FR","potentialAction":[{"@type":"ReadAction","target":["https:\/\/www.kizomba-amiens.fr\/?page_id=21"]}]},{"@type":"BreadcrumbList","@id":"https:\/\/www.kizomba-amiens.fr\/?page_id=21#breadcrumb","itemListElement":[{"@type":"ListItem","position":1,"name":"Home","item":"https:\/\/www.kizomba-amiens.fr\/"},{"@type":"ListItem","position":2,"name":"Contact"}]},{"@type":"WebSite","@id":"https:\/\/www.kizomba-amiens.fr\/#website","url":"https:\/\/www.kizomba-amiens.fr\/","name":"KIZOMBA AMIENS","description":"Les mardis ensoleill\u00e9s","potentialAction":[{"@type":"SearchAction","target":{"@type":"EntryPoint","urlTemplate":"https:\/\/www.kizomba-amiens.fr\/?s={search_term_string}"},"query-input":{"@type":"PropertyValueSpecification","valueRequired":true,"valueName":"search_term_string"}}],"inLanguage":"fr-FR"}]}},"_links":{"self":[{"href":"https:\/\/www.kizomba-amiens.fr\/index.php?rest_route=\/wp\/v2\/pages\/21","targetHints":{"allow":["GET"]}}],"collection":[{"href":"https:\/\/www.kizomba-amiens.fr\/index.php?rest_route=\/wp\/v2\/pages"}],"about":[{"href":"https:\/\/www.kizomba-amiens.fr\/index.php?rest_route=\/wp\/v2\/types\/page"}],"author":[{"embeddable":true,"href":"https:\/\/www.kizomba-amiens.fr\/index.php?rest_route=\/wp\/v2\/users\/1"}],"replies":[{"embeddable":true,"href":"https:\/\/www.kizomba-amiens.fr\/index.php?rest_route=%2Fwp%2Fv2%2Fcomments&post=21"}],"version-history":[{"count":20,"href":"https:\/\/www.kizomba-amiens.fr\/index.php?rest_route=\/wp\/v2\/pages\/21\/revisions"}],"predecessor-version":[{"id":690,"href":"https:\/\/www.kizomba-amiens.fr\/index.php?rest_route=\/wp\/v2\/pages\/21\/revisions\/690"}],"wp:attachment":[{"href":"https:\/\/www.kizomba-amiens.fr\/index.php?rest_route=%2Fwp%2Fv2%2Fmedia&parent=21"}],"curies":[{"name":"wp","href":"https:\/\/api.w.org\/{rel}","templated":true}]}}