{"id":19,"date":"2018-08-25T14:14:13","date_gmt":"2018-08-25T12:14:13","guid":{"rendered":"http:\/\/kizomba-amiens.fr\/?page_id=19"},"modified":"2025-09-14T13:35:35","modified_gmt":"2025-09-14T11:35:35","slug":"accueil","status":"publish","type":"page","link":"https:\/\/www.kizomba-amiens.fr\/?page_id=19","title":{"rendered":"Les mardis ensoleill\u00e9s"},"content":{"rendered":"<p><strong>Les mardis ensoleill\u00e9s !!! Reprise des cours de Kizomba, Semba \u00a0Ann\u00e9e \u00a02025-2026<\/strong><\/p>\n<p>Tous les mardis du 09 septembre 2025 \u00a0au 23 Juin 2026<\/p>\n<p>Cours d&rsquo;essais mardis : 09 Septembre 2025.<\/p>\n<p>D\u00e9but des cours : 16 Septembre 2025 (2\u00e8 cours d&rsquo;\u00e9ssai).<\/p>\n<p>A vos agendas !! En esp\u00e9rant que vous trouverez votre bonheur parmi les cours r\u00e9guliers que nous proposons !!\u200b\u200b!<\/p>\n<p><strong><u>TARIFS<\/u><\/strong><strong> :<\/strong><\/p>\n<table style=\"height: 776px;\" width=\"893\">\n<tbody>\n<tr>\n<td colspan=\"4\" width=\"585\"><strong>Cours d\u00e9butant<\/strong><strong>\u00a0<\/strong><strong>\u00a0Tous les Mardis 20H00 \u2013 21H00<\/strong><\/td>\n<\/tr>\n<tr>\n<td width=\"83\"><\/td>\n<td width=\"264\"><strong>Kizomba d\u00e9butant &#8211; Toute l\u2019ann\u00e9e\u00a0\u00a0\u00a0\u00a0\u00a0\u00a0\u00a0\u00a0\u00a0\u00a0\u00a0\u00a0\u00a0\u00a0\u00a0\u00a0 \u00a0<\/strong><\/td>\n<td width=\"238\"><strong>: 160,00\u20ac <\/strong><strong>(8\u20ac de frais d\u2019adh\u00e9sion inclus)<\/strong><\/td>\n<td width=\"1\"><\/td>\n<\/tr>\n<tr>\n<td width=\"83\"><\/td>\n<td width=\"264\"><strong>Kizomba d\u00e9butant \u2013 Carte 10 cours\u00a0\u00a0\u00a0\u00a0\u00a0\u00a0\u00a0\u00a0\u00a0\u00a0\u00a0\u00a0\u00a0\u00a0\u00a0 <\/strong><\/td>\n<td width=\"238\"><strong>: 88,00\u20ac \u00a0\u00a0(8\u20ac de frais d\u2019adh\u00e9sion inclus)<\/strong><\/td>\n<td width=\"1\"><\/td>\n<\/tr>\n<tr>\n<td width=\"83\"><\/td>\n<td width=\"264\"><strong>Kizomba d\u00e9butant &#8211; Cours \u00e0 l\u2019unit\u00e9 <\/strong><\/td>\n<td width=\"238\"><strong>: 10,00 \u20ac \u00a0(Frais d\u2019adh\u00e9sion 8\u20ac \u00e0 r\u00e9gler)<\/strong><\/td>\n<td width=\"1\"><\/td>\n<\/tr>\n<tr>\n<td colspan=\"4\" width=\"585\"><strong>\u00a0<\/strong><strong>Cours Interm\u00e9diaire et avanc\u00e9<\/strong><strong>\u00a0<\/strong><strong>Tous les Mardis 21H00 \u2013 22H00<\/strong><\/td>\n<\/tr>\n<tr>\n<td width=\"83\"><\/td>\n<td width=\"264\"><strong>Kizomba Inter\/Avanc\u00e9- Toute l\u2019ann\u00e9e <\/strong><\/td>\n<td width=\"238\"><strong>: 160,00\u20ac (8\u20ac de frais d\u2019adh\u00e9sion inclus)<\/strong><\/td>\n<td width=\"1\"><\/td>\n<\/tr>\n<tr>\n<td width=\"83\"><\/td>\n<td width=\"264\"><strong>Kizomba Inter\/Avanc\u00e9 &#8211; 10 cours\u00a0 <\/strong><\/td>\n<td width=\"238\"><strong>: 88,00\u20ac \u00a0\u00a0(8\u20ac de frais d\u2019adh\u00e9sion inclus)<\/strong><\/td>\n<td width=\"1\"><\/td>\n<\/tr>\n<tr>\n<td width=\"83\"><\/td>\n<td width=\"264\"><strong>Kizomba Inter\/Avanc\u00e9 &#8211;\u00a0 Cours \u00e0 l\u2019unit\u00e9<\/strong><\/td>\n<td width=\"238\"><strong>: 10,00 \u20ac* \u00a0\u00a0(Frais d\u2019adh\u00e9sion 8\u20ac \u00e0 r\u00e9gler)<\/strong><\/td>\n<td width=\"1\"><\/td>\n<\/tr>\n<\/tbody>\n<\/table>\n<p>&nbsp;<\/p>\n<p>&nbsp;<\/p>\n<p>&nbsp;<\/p>\n<p><em><strong>Possibilit\u00e9 de payer en 3 \u00a0sans frais. \u00a01 cours d\u2019essais offerts les mardis 09 Septembre 2025.<\/strong><\/em><\/p>\n<p>L\u2019inscription n\u2019est valable que pour un cours par semaine (33 s\u00e9ances) <strong>hors vacances scolaires et jours f\u00e9ri\u00e9s<\/strong>.<\/p>\n<p><strong>*Offre non-remboursable<\/strong><\/p>\n<h4><strong>Planning 2025 &#8211; 2026 TRIM1<\/strong><\/h4>\n<p>&nbsp;<\/p>\n<table style=\"height: 1521px;\" width=\"566\">\n<tbody>\n<tr>\n<td width=\"99\"><strong>Nb de cours<\/strong><\/td>\n<td width=\"59\"><strong>Date<\/strong><\/td>\n<td width=\"171\"><strong>Kizomba Amiens<\/strong><\/td>\n<td width=\"207\"><strong>Ev\u00e8nement<\/strong><\/td>\n<\/tr>\n<tr>\n<td width=\"99\"><\/td>\n<td width=\"59\">09-sept<\/td>\n<td width=\"171\">Cours d&rsquo;essai<\/td>\n<td width=\"207\">Journ\u00e9e portes ouvertes<\/td>\n<\/tr>\n<tr>\n<td width=\"99\">1<\/td>\n<td width=\"59\">16-sept<\/td>\n<td width=\"171\">Cours Hebdo<\/td>\n<td width=\"207\">D\u00e9but des cours (2\u00e8 cours d&rsquo;essai possible)<\/td>\n<\/tr>\n<tr>\n<td width=\"99\">2<\/td>\n<td width=\"59\">23-sept<\/td>\n<td width=\"171\">Cours Hebdo<\/td>\n<td width=\"207\"><\/td>\n<\/tr>\n<tr>\n<td width=\"99\">3<\/td>\n<td width=\"59\">30-Sept<\/td>\n<td width=\"171\">Cours Hebdo<\/td>\n<td width=\"207\"><\/td>\n<\/tr>\n<tr>\n<td width=\"99\">4<\/td>\n<td width=\"59\">08-oct<\/td>\n<td width=\"171\">Cours Hebdo<\/td>\n<td width=\"207\"><\/td>\n<\/tr>\n<tr>\n<td width=\"99\">5<\/td>\n<td width=\"59\">07-oct<\/td>\n<td width=\"171\">Cours Hebdo<\/td>\n<td width=\"207\"><\/td>\n<\/tr>\n<tr>\n<td width=\"99\">6<\/td>\n<td width=\"59\">14-oct<\/td>\n<td width=\"171\">Cours Hebdo<\/td>\n<td width=\"207\"><\/td>\n<\/tr>\n<tr>\n<td width=\"99\"><\/td>\n<td width=\"59\">21-oct<\/td>\n<td width=\"171\">Vacances Scolaires<\/td>\n<td width=\"207\">Pas de cours<\/td>\n<\/tr>\n<tr>\n<td width=\"99\"><\/td>\n<td width=\"59\">28-oct<\/td>\n<td width=\"171\">Vacances Scolaires<\/td>\n<td width=\"207\">Pas de cours<\/td>\n<\/tr>\n<tr>\n<td width=\"99\">7<\/td>\n<td width=\"59\">04-nov<\/td>\n<td width=\"171\">Cours Hebdo<\/td>\n<td width=\"207\"><\/td>\n<\/tr>\n<tr>\n<td width=\"99\">8<\/td>\n<td width=\"59\">11-nov<\/td>\n<td width=\"171\">Sociale danse<\/td>\n<td width=\"207\"><\/td>\n<\/tr>\n<tr>\n<td width=\"99\">9<\/td>\n<td width=\"59\">18-nov<\/td>\n<td width=\"171\">Cours Hebdo<\/td>\n<td width=\"207\"><\/td>\n<\/tr>\n<tr>\n<td width=\"99\">10<\/td>\n<td width=\"59\">22-nov<\/td>\n<td width=\"171\">Stage<\/td>\n<td width=\"207\">Ev\u00e8nement stage<\/td>\n<\/tr>\n<tr>\n<td width=\"99\">11<\/td>\n<td width=\"59\">25-nov<\/td>\n<td width=\"171\">Cours Hebdo<\/td>\n<td width=\"207\"><\/td>\n<\/tr>\n<tr>\n<td width=\"99\">12<\/td>\n<td width=\"59\">02-dec<\/td>\n<td width=\"171\">Cours Hebdo<\/td>\n<td width=\"207\"><\/td>\n<\/tr>\n<tr>\n<td width=\"99\">13<\/td>\n<td width=\"59\">09-dec<\/td>\n<td width=\"171\">Cours Hebdo<\/td>\n<td width=\"207\"><\/td>\n<\/tr>\n<tr>\n<td width=\"99\">14<\/td>\n<td width=\"59\">16-dec<\/td>\n<td width=\"171\">Cours Hebdo<\/td>\n<td width=\"207\"><\/td>\n<\/tr>\n<tr>\n<td width=\"99\"><\/td>\n<td width=\"59\">23-dec<\/td>\n<td width=\"171\">Vacances Scolaires<\/td>\n<td width=\"207\">Pas de cours<\/td>\n<\/tr>\n<tr>\n<td width=\"99\"><\/td>\n<td width=\"59\">30-dec<\/td>\n<td width=\"171\">Vacances Scolaires<\/td>\n<td width=\"207\">Pas de cours<\/td>\n<\/tr>\n<tr>\n<td width=\"99\">15<\/td>\n<td width=\"59\">06-Jan<\/td>\n<td width=\"171\">Cours Hebdo<\/td>\n<td width=\"207\"><\/td>\n<\/tr>\n<tr>\n<td width=\"99\"><\/td>\n<td width=\"59\"><\/td>\n<td width=\"171\"><\/td>\n<td width=\"207\"><\/td>\n<\/tr>\n<tr>\n<td width=\"99\"><\/td>\n<td width=\"59\"><\/td>\n<td width=\"171\"><\/td>\n<td width=\"207\"><\/td>\n<\/tr>\n<tr>\n<td width=\"99\"><\/td>\n<td width=\"59\"><\/td>\n<td width=\"171\"><\/td>\n<td width=\"207\"><\/td>\n<\/tr>\n<tr>\n<td width=\"99\"><\/td>\n<td width=\"59\"><\/td>\n<td width=\"171\"><\/td>\n<td width=\"207\"><\/td>\n<\/tr>\n<tr>\n<td width=\"99\"><\/td>\n<td width=\"59\"><\/td>\n<td width=\"171\"><\/td>\n<td width=\"207\"><\/td>\n<\/tr>\n<tr>\n<td width=\"99\"><\/td>\n<td width=\"59\"><\/td>\n<td width=\"171\"><\/td>\n<td width=\"207\"><\/td>\n<\/tr>\n<tr>\n<td width=\"99\"><\/td>\n<td width=\"59\"><\/td>\n<td width=\"171\"><\/td>\n<td width=\"207\"><\/td>\n<\/tr>\n<tr>\n<td width=\"99\"><\/td>\n<td width=\"59\"><\/td>\n<td width=\"171\"><\/td>\n<td width=\"207\"><\/td>\n<\/tr>\n<tr>\n<td width=\"99\"><\/td>\n<td width=\"59\"><\/td>\n<td width=\"171\"><\/td>\n<td width=\"207\"><\/td>\n<\/tr>\n<tr>\n<td width=\"99\"><\/td>\n<td width=\"59\"><\/td>\n<td width=\"171\"><\/td>\n<td width=\"207\"><\/td>\n<\/tr>\n<tr>\n<td width=\"99\"><\/td>\n<td width=\"59\"><\/td>\n<td width=\"171\"><\/td>\n<td width=\"207\"><\/td>\n<\/tr>\n<tr>\n<td width=\"99\"><\/td>\n<td width=\"59\"><\/td>\n<td width=\"171\"><\/td>\n<td width=\"207\"><\/td>\n<\/tr>\n<tr>\n<td width=\"99\"><\/td>\n<td width=\"59\"><\/td>\n<td width=\"171\"><\/td>\n<td width=\"207\"><\/td>\n<\/tr>\n<tr>\n<td width=\"99\"><\/td>\n<td width=\"59\"><\/td>\n<td width=\"171\"><\/td>\n<td width=\"207\"><\/td>\n<\/tr>\n<tr>\n<td width=\"99\"><\/td>\n<td width=\"59\"><\/td>\n<td width=\"171\"><\/td>\n<td width=\"207\"><\/td>\n<\/tr>\n<tr>\n<td width=\"99\"><\/td>\n<td width=\"59\"><\/td>\n<td width=\"171\"><\/td>\n<td width=\"207\"><\/td>\n<\/tr>\n<tr>\n<td width=\"99\"><\/td>\n<td width=\"59\"><\/td>\n<td width=\"171\"><\/td>\n<td width=\"207\"><\/td>\n<\/tr>\n<tr>\n<td width=\"99\"><\/td>\n<td width=\"59\"><\/td>\n<td width=\"171\"><\/td>\n<td width=\"207\"><\/td>\n<\/tr>\n<tr>\n<td width=\"99\"><\/td>\n<td width=\"59\"><\/td>\n<td width=\"171\"><\/td>\n<td width=\"207\"><\/td>\n<\/tr>\n<tr>\n<td width=\"99\"><\/td>\n<td width=\"59\"><\/td>\n<td width=\"171\"><\/td>\n<td width=\"207\"><\/td>\n<\/tr>\n<tr>\n<td width=\"99\"><\/td>\n<td width=\"59\"><\/td>\n<td width=\"171\"><\/td>\n<td width=\"207\"><\/td>\n<\/tr>\n<tr>\n<td width=\"99\"><\/td>\n<td width=\"59\"><\/td>\n<td width=\"171\"><\/td>\n<td width=\"207\"><\/td>\n<\/tr>\n<tr>\n<td width=\"99\"><\/td>\n<td width=\"59\"><\/td>\n<td width=\"171\"><\/td>\n<td width=\"207\"><\/td>\n<\/tr>\n<tr>\n<td width=\"99\"><\/td>\n<td width=\"59\"><\/td>\n<td width=\"171\"><\/td>\n<td width=\"207\"><\/td>\n<\/tr>\n<tr>\n<td width=\"99\"><\/td>\n<td width=\"59\"><\/td>\n<td width=\"171\"><\/td>\n<td width=\"207\"><\/td>\n<\/tr>\n<tr>\n<td width=\"99\"><\/td>\n<td width=\"59\"><\/td>\n<td width=\"171\"><\/td>\n<td width=\"207\"><\/td>\n<\/tr>\n<tr>\n<td width=\"99\"><\/td>\n<td width=\"59\"><\/td>\n<td width=\"171\"><\/td>\n<td width=\"207\"><\/td>\n<\/tr>\n<tr>\n<td width=\"99\"><\/td>\n<td width=\"59\"><\/td>\n<td width=\"171\"><\/td>\n<td width=\"207\"><\/td>\n<\/tr>\n<\/tbody>\n<\/table>\n<p>&nbsp;<\/p>\n","protected":false},"excerpt":{"rendered":"<p>Les mardis ensoleill\u00e9s !!! Reprise des cours de Kizomba, Semba \u00a0Ann\u00e9e \u00a02025-2026 Tous les mardis du 09 septembre 2025 \u00a0au 23 Juin 2026 Cours d&rsquo;essais mardis : 09 Septembre 2025. D\u00e9but des cours : 16 Septembre 2025 (2\u00e8 cours d&rsquo;\u00e9ssai). A vos agendas !! En esp\u00e9rant que vous trouverez votre bonheur parmi les cours r\u00e9guliers [&hellip;]<\/p>\n","protected":false},"author":1,"featured_media":423,"parent":0,"menu_order":0,"comment_status":"closed","ping_status":"closed","template":"","meta":{"footnotes":""},"class_list":["post-19","page","type-page","status-publish","has-post-thumbnail","hentry"],"yoast_head":"<!-- This site is optimized with the Yoast SEO plugin v25.9 - https:\/\/yoast.com\/wordpress\/plugins\/seo\/ -->\n<title>Les mardis ensoleill\u00e9s - KIZOMBA AMIENS<\/title>\n<meta name=\"robots\" content=\"index, follow, max-snippet:-1, max-image-preview:large, max-video-preview:-1\" \/>\n<link rel=\"canonical\" href=\"https:\/\/www.kizomba-amiens.fr\/?page_id=19\" \/>\n<meta property=\"og:locale\" content=\"fr_FR\" \/>\n<meta property=\"og:type\" content=\"article\" \/>\n<meta property=\"og:title\" content=\"Les mardis ensoleill\u00e9s - KIZOMBA AMIENS\" \/>\n<meta property=\"og:description\" content=\"Les mardis ensoleill\u00e9s !!! Reprise des cours de Kizomba, Semba \u00a0Ann\u00e9e \u00a02025-2026 Tous les mardis du 09 septembre 2025 \u00a0au 23 Juin 2026 Cours d&rsquo;essais mardis : 09 Septembre 2025. D\u00e9but des cours : 16 Septembre 2025 (2\u00e8 cours d&rsquo;\u00e9ssai). A vos agendas !! En esp\u00e9rant que vous trouverez votre bonheur parmi les cours r\u00e9guliers [&hellip;]\" \/>\n<meta property=\"og:url\" content=\"https:\/\/www.kizomba-amiens.fr\/?page_id=19\" \/>\n<meta property=\"og:site_name\" content=\"KIZOMBA AMIENS\" \/>\n<meta property=\"article:publisher\" content=\"https:\/\/www.facebook.com\/kizomba.amiens\" \/>\n<meta property=\"article:modified_time\" content=\"2025-09-14T11:35:35+00:00\" \/>\n<meta property=\"og:image\" content=\"https:\/\/www.kizomba-amiens.fr\/wp-content\/uploads\/2023\/08\/IMG-20220830-WA0009.jpg\" \/>\n\t<meta property=\"og:image:width\" content=\"1365\" \/>\n\t<meta property=\"og:image:height\" content=\"2048\" \/>\n\t<meta property=\"og:image:type\" content=\"image\/jpeg\" \/>\n<meta name=\"twitter:card\" content=\"summary_large_image\" \/>\n<meta name=\"twitter:label1\" content=\"Dur\u00e9e de lecture estim\u00e9e\" \/>\n\t<meta name=\"twitter:data1\" content=\"2 minutes\" \/>\n<script type=\"application\/ld+json\" class=\"yoast-schema-graph\">{\"@context\":\"https:\/\/schema.org\",\"@graph\":[{\"@type\":\"WebPage\",\"@id\":\"https:\/\/www.kizomba-amiens.fr\/?page_id=19\",\"url\":\"https:\/\/www.kizomba-amiens.fr\/?page_id=19\",\"name\":\"Les mardis ensoleill\u00e9s - KIZOMBA AMIENS\",\"isPartOf\":{\"@id\":\"https:\/\/www.kizomba-amiens.fr\/#website\"},\"primaryImageOfPage\":{\"@id\":\"https:\/\/www.kizomba-amiens.fr\/?page_id=19#primaryimage\"},\"image\":{\"@id\":\"https:\/\/www.kizomba-amiens.fr\/?page_id=19#primaryimage\"},\"thumbnailUrl\":\"https:\/\/www.kizomba-amiens.fr\/wp-content\/uploads\/2023\/08\/IMG-20220830-WA0009.jpg\",\"datePublished\":\"2018-08-25T12:14:13+00:00\",\"dateModified\":\"2025-09-14T11:35:35+00:00\",\"breadcrumb\":{\"@id\":\"https:\/\/www.kizomba-amiens.fr\/?page_id=19#breadcrumb\"},\"inLanguage\":\"fr-FR\",\"potentialAction\":[{\"@type\":\"ReadAction\",\"target\":[\"https:\/\/www.kizomba-amiens.fr\/?page_id=19\"]}]},{\"@type\":\"ImageObject\",\"inLanguage\":\"fr-FR\",\"@id\":\"https:\/\/www.kizomba-amiens.fr\/?page_id=19#primaryimage\",\"url\":\"https:\/\/www.kizomba-amiens.fr\/wp-content\/uploads\/2023\/08\/IMG-20220830-WA0009.jpg\",\"contentUrl\":\"https:\/\/www.kizomba-amiens.fr\/wp-content\/uploads\/2023\/08\/IMG-20220830-WA0009.jpg\",\"width\":1365,\"height\":2048},{\"@type\":\"BreadcrumbList\",\"@id\":\"https:\/\/www.kizomba-amiens.fr\/?page_id=19#breadcrumb\",\"itemListElement\":[{\"@type\":\"ListItem\",\"position\":1,\"name\":\"Home\",\"item\":\"https:\/\/www.kizomba-amiens.fr\/\"},{\"@type\":\"ListItem\",\"position\":2,\"name\":\"Les mardis ensoleill\u00e9s\"}]},{\"@type\":\"WebSite\",\"@id\":\"https:\/\/www.kizomba-amiens.fr\/#website\",\"url\":\"https:\/\/www.kizomba-amiens.fr\/\",\"name\":\"KIZOMBA AMIENS\",\"description\":\"Les mardis ensoleill\u00e9s\",\"potentialAction\":[{\"@type\":\"SearchAction\",\"target\":{\"@type\":\"EntryPoint\",\"urlTemplate\":\"https:\/\/www.kizomba-amiens.fr\/?s={search_term_string}\"},\"query-input\":{\"@type\":\"PropertyValueSpecification\",\"valueRequired\":true,\"valueName\":\"search_term_string\"}}],\"inLanguage\":\"fr-FR\"}]}<\/script>\n<!-- \/ Yoast SEO plugin. -->","yoast_head_json":{"title":"Les mardis ensoleill\u00e9s - KIZOMBA AMIENS","robots":{"index":"index","follow":"follow","max-snippet":"max-snippet:-1","max-image-preview":"max-image-preview:large","max-video-preview":"max-video-preview:-1"},"canonical":"https:\/\/www.kizomba-amiens.fr\/?page_id=19","og_locale":"fr_FR","og_type":"article","og_title":"Les mardis ensoleill\u00e9s - KIZOMBA AMIENS","og_description":"Les mardis ensoleill\u00e9s !!! Reprise des cours de Kizomba, Semba \u00a0Ann\u00e9e \u00a02025-2026 Tous les mardis du 09 septembre 2025 \u00a0au 23 Juin 2026 Cours d&rsquo;essais mardis : 09 Septembre 2025. D\u00e9but des cours : 16 Septembre 2025 (2\u00e8 cours d&rsquo;\u00e9ssai). A vos agendas !! En esp\u00e9rant que vous trouverez votre bonheur parmi les cours r\u00e9guliers [&hellip;]","og_url":"https:\/\/www.kizomba-amiens.fr\/?page_id=19","og_site_name":"KIZOMBA AMIENS","article_publisher":"https:\/\/www.facebook.com\/kizomba.amiens","article_modified_time":"2025-09-14T11:35:35+00:00","og_image":[{"width":1365,"height":2048,"url":"https:\/\/www.kizomba-amiens.fr\/wp-content\/uploads\/2023\/08\/IMG-20220830-WA0009.jpg","type":"image\/jpeg"}],"twitter_card":"summary_large_image","twitter_misc":{"Dur\u00e9e de lecture estim\u00e9e":"2 minutes"},"schema":{"@context":"https:\/\/schema.org","@graph":[{"@type":"WebPage","@id":"https:\/\/www.kizomba-amiens.fr\/?page_id=19","url":"https:\/\/www.kizomba-amiens.fr\/?page_id=19","name":"Les mardis ensoleill\u00e9s - KIZOMBA AMIENS","isPartOf":{"@id":"https:\/\/www.kizomba-amiens.fr\/#website"},"primaryImageOfPage":{"@id":"https:\/\/www.kizomba-amiens.fr\/?page_id=19#primaryimage"},"image":{"@id":"https:\/\/www.kizomba-amiens.fr\/?page_id=19#primaryimage"},"thumbnailUrl":"https:\/\/www.kizomba-amiens.fr\/wp-content\/uploads\/2023\/08\/IMG-20220830-WA0009.jpg","datePublished":"2018-08-25T12:14:13+00:00","dateModified":"2025-09-14T11:35:35+00:00","breadcrumb":{"@id":"https:\/\/www.kizomba-amiens.fr\/?page_id=19#breadcrumb"},"inLanguage":"fr-FR","potentialAction":[{"@type":"ReadAction","target":["https:\/\/www.kizomba-amiens.fr\/?page_id=19"]}]},{"@type":"ImageObject","inLanguage":"fr-FR","@id":"https:\/\/www.kizomba-amiens.fr\/?page_id=19#primaryimage","url":"https:\/\/www.kizomba-amiens.fr\/wp-content\/uploads\/2023\/08\/IMG-20220830-WA0009.jpg","contentUrl":"https:\/\/www.kizomba-amiens.fr\/wp-content\/uploads\/2023\/08\/IMG-20220830-WA0009.jpg","width":1365,"height":2048},{"@type":"BreadcrumbList","@id":"https:\/\/www.kizomba-amiens.fr\/?page_id=19#breadcrumb","itemListElement":[{"@type":"ListItem","position":1,"name":"Home","item":"https:\/\/www.kizomba-amiens.fr\/"},{"@type":"ListItem","position":2,"name":"Les mardis ensoleill\u00e9s"}]},{"@type":"WebSite","@id":"https:\/\/www.kizomba-amiens.fr\/#website","url":"https:\/\/www.kizomba-amiens.fr\/","name":"KIZOMBA AMIENS","description":"Les mardis ensoleill\u00e9s","potentialAction":[{"@type":"SearchAction","target":{"@type":"EntryPoint","urlTemplate":"https:\/\/www.kizomba-amiens.fr\/?s={search_term_string}"},"query-input":{"@type":"PropertyValueSpecification","valueRequired":true,"valueName":"search_term_string"}}],"inLanguage":"fr-FR"}]}},"_links":{"self":[{"href":"https:\/\/www.kizomba-amiens.fr\/index.php?rest_route=\/wp\/v2\/pages\/19","targetHints":{"allow":["GET"]}}],"collection":[{"href":"https:\/\/www.kizomba-amiens.fr\/index.php?rest_route=\/wp\/v2\/pages"}],"about":[{"href":"https:\/\/www.kizomba-amiens.fr\/index.php?rest_route=\/wp\/v2\/types\/page"}],"author":[{"embeddable":true,"href":"https:\/\/www.kizomba-amiens.fr\/index.php?rest_route=\/wp\/v2\/users\/1"}],"replies":[{"embeddable":true,"href":"https:\/\/www.kizomba-amiens.fr\/index.php?rest_route=%2Fwp%2Fv2%2Fcomments&post=19"}],"version-history":[{"count":45,"href":"https:\/\/www.kizomba-amiens.fr\/index.php?rest_route=\/wp\/v2\/pages\/19\/revisions"}],"predecessor-version":[{"id":691,"href":"https:\/\/www.kizomba-amiens.fr\/index.php?rest_route=\/wp\/v2\/pages\/19\/revisions\/691"}],"wp:featuredmedia":[{"embeddable":true,"href":"https:\/\/www.kizomba-amiens.fr\/index.php?rest_route=\/wp\/v2\/media\/423"}],"wp:attachment":[{"href":"https:\/\/www.kizomba-amiens.fr\/index.php?rest_route=%2Fwp%2Fv2%2Fmedia&parent=19"}],"curies":[{"name":"wp","href":"https:\/\/api.w.org\/{rel}","templated":true}]}}