{"id":147,"date":"2018-10-12T23:11:33","date_gmt":"2018-10-12T21:11:33","guid":{"rendered":"http:\/\/kizomba-amiens.fr\/?page_id=147"},"modified":"2025-09-14T13:46:26","modified_gmt":"2025-09-14T11:46:26","slug":"nos-activite","status":"publish","type":"page","link":"https:\/\/www.kizomba-amiens.fr\/?page_id=147","title":{"rendered":"Nos \u00e9v\u00e8nements"},"content":{"rendered":"<p>Ann\u00e9e 2024 &#8211; 2025<\/p>\n<div class=\"vc_row wpb_row vc_row-fluid\">\n<div class=\"wpb_column vc_column_container vc_col-sm-12\">\n<div class=\"vc_column-inner\">\n<div class=\"wpb_wrapper\">\n<div class=\"wpb_text_column wpb_content_element \">\n<div class=\"wpb_wrapper\">\n<blockquote>\n<h2>Chez Kizomba Amiens, 2026 \u00e7a bouge :<\/h2>\n<h2>\u2b50\ufe0f 13 &#8211; 14 juin 2026\u00a0 \u2b50\ufe0f : luandamiens<\/h2>\n<h2><a href=\"https:\/\/www.billetweb.fr\/festa-luandamiens\">https:\/\/www.billetweb.fr\/festa-luandamiens<\/a><\/h2>\n<\/blockquote>\n<div>\u2b50\ufe0f Festa de Quintal Luand\u2019Amiens \u2b50\ufe0f 13 &#8211; 14 juin 2026\u00a0 \u2b50\ufe0f<\/div>\n<div>\n<div>La petite Venise du Nord, Amiens vous accueille dans un cadre de r\u00eave au bord de l&rsquo;eau pour un week-end de danse inoubliable d\u00e9di\u00e9 \u00e0 la kizomba, Semba et bien sur une soir\u00e9e \u00a0Afro latino (Kizomba, Semba, Zouk, Kompa, Salsa et Bachata&#8230;), o\u00f9 danse, culture, amiti\u00e9 et convivialit\u00e9 se rencontrent. \u00a02 sociales (samedi et dimanche), 1 soir\u00e9e exceptionnelle , live, show et animations<\/div>\n<\/div>\n<div>\n<div><\/div>\n<div>\n<div>\n<div>\u2728\ufe0f\u2728\ufe0f PLANNING \u2728\ufe0f\u2728\ufe0f<\/div>\n<\/div>\n<div>\n<div>\n<div>\n<div>A venir<\/div>\n<\/div>\n<div>\n<div><\/div>\n<\/div>\n<\/div>\n<\/div>\n<div>\u2728\ufe0f\u2728\ufe0fPRIX \u2728\ufe0f\u2728\ufe0f<\/div>\n<div>\n<div>FULL PASS HOMME \/ FEMME<br \/>\nFULL PASS COUPLE<\/div>\n<\/div>\n<div><\/div>\n<div>\n<div>BILLETTERIE<br \/>\nhttps:\/\/www.billetweb.fr\/luandamiens<\/div>\n<\/div>\n<div><\/div>\n<div>\n<div>\u2b50\ufe0f Professeurs &amp; Artistes \u2b50\ufe0f<\/div>\n<div>LineUp A venir<\/div>\n<div>\n<p>Planning \u00e0 venir &#8230;<\/p>\n<p>\u2b50\ufe0fDEEJAYS<br \/>\n!<\/p>\n<\/div>\n<div><\/div>\n<\/div>\n<div>\n<div>\n<div>\n<div>\u2728\ufe0f\u2728\ufe0f DRESS CODE \u2728\ufe0f\u2728\ufe0f<\/div>\n<\/div>\n<div>\n<div><\/div>\n<\/div>\n<\/div>\n<\/div>\n<div>\n<div>\n<div>\n<div>\n<div>\n<div>\u2728\ufe0f\u2728\ufe0f \u2728\ufe0f\u2728\ufe0f<\/div>\n<\/div>\n<div>\n<div>Softs et boissons \u00e0\u00a0volont\u00e9<\/div>\n<div>\u2b50\ufe0fSoft et grignotage \u00e0 volont\u00e9<\/p>\n<\/div>\n<\/div>\n<\/div>\n<\/div>\n<div>\n<div><\/div>\n<\/div>\n<\/div>\n<\/div>\n<div>\n<div>\n<div>\n<div>\u2728\ufe0f\u2728\ufe0f PHOTO &amp; VIDEO \u2728\ufe0f\u2728\ufe0f<\/div>\n<\/div>\n<div>\n<div><\/div>\n<\/div>\n<\/div>\n<\/div>\n<div>\n<div><\/div>\n<\/div>\n<div>\n<div>\u2728\ufe0f\u2728\ufe0f PARKING \u2728\ufe0f\u2728\ufe0f<\/div>\n<\/div>\n<div>\n<div>\u2705 Place gratuite en quantit\u00e9 limit\u00e9e non garantie<\/div>\n<\/div>\n<div>\n<div><\/div>\n<\/div>\n<div>\n<div>\u2728\ufe0f\u2728\ufe0f ADRESSE\u2728\ufe0f\u2728\ufe0f<\/div>\n<\/div>\n<div>\n<div>Le Pr\u00e9 Porus<\/div>\n<\/div>\n<div>\n<div>95 rue Voyelle, 80000, Amiens France<\/div>\n<\/div>\n<div>\n<div><\/div>\n<\/div>\n<div>\n<div>\u2728\ufe0f\u2728\ufe0f HOTELS \u2728\ufe0f\u2728\ufe0f<\/div>\n<\/div>\n<div>\n<div>H\u00f4tel Ibis Budget Amiens Centre Gare<\/div>\n<\/div>\n<div>\n<div>15 Rue Dejean, 80000 Amiens<\/div>\n<\/div>\n<div>\n<div>Prix sp\u00e9cial avec le code KIZOMBA AMIENS\u00a0par t\u00e9l\u00e9phone ou par mail.<\/div>\n<div>Envoyez votre demande \u00e0 ha3p0-re@accor.com<\/div>\n<\/div>\n<div>\n<div><\/div>\n<\/div>\n<div>\n<div>\u2728\ufe0f\u2728\ufe0f CONTACT \u2728\ufe0f\u2728\ufe0f<\/div>\n<\/div>\n<div>\n<div>Tel : <a href=\"tel:+33783046479\" target=\"_blank\" rel=\"noopener noreferrer\" data-cke-saved-href=\"tel:+33783046479\">+33783046479<\/a><\/div>\n<\/div>\n<\/div>\n<\/div>\n<\/div>\n<\/div>\n<\/div>\n<div><\/div>\n<div class=\"wpb_wrapper\">\n<div class=\"wpb_text_column wpb_content_element \">\n<h2 class=\"tribe-events-calendar-latest-past__heading tribe-common-h5 tribe-common-h3--min-medium\">Derniers \u00c9v\u00e8nements pass\u00e9s<\/h2>\n<\/div>\n<p>STAGE DE KIZOMBA AVEC PAMELA &amp; SERGE<\/p>\n<\/div>\n<div>\u2728\ufe0f\u2728\ufe0f Stage \u00e9volutif de Kizomba avec Pamela &amp; Serge\u00a0\u2728\ufe0f\u2728\ufe0f<\/div>\n<div>Un stage unique pour sublimer votre gestuelle, perfectionner vos mouvements et gagner en aisance sur la piste ! Pamela (venue de Bruxelles) &amp; Serge vous invitent \u00e0 partager leur passion pour la kizomba dans une ambiance fun, conviviale et remplie de good vibes<\/div>\n<div><\/div>\n<div>\n<div>Un apprentissage \u00e9volutif et sur-mesure :\u00a0Quel que soit votre niveau, ce stage est fait pour vous !<\/div>\n<ul>\n<li>Follower :\u00a0Pamela vous d\u00e9voilera ses secrets pour briller avec gr\u00e2ce et \u00e9l\u00e9gance.<\/li>\n<li>Leader :\u00a0Serge vous guidera pour affiner vos techniques et danser avec style.<\/li>\n<\/ul>\n<div><\/div>\n<div><\/div>\n<\/div>\n<div>\n<div>\n<div>\u2728\ufe0f\u2728\ufe0f PLANNING \u2728\ufe0f\u2728\ufe0f<\/div>\n<\/div>\n<div>\n<p>\u00a0Samedi 22 mars 2025<\/p>\n<div><\/div>\n<div>14H00 \u2013 17H00 : Cours de Kizomba<\/div>\n<div>17H00 &#8211; 20H00 : Sociale<\/div>\n<\/div>\n<div>\n<div><\/div>\n<\/div>\n<div>\n<div>\u2728\ufe0f\u2728\ufe0fPRIX \u2728\ufe0f\u2728\ufe0f<\/div>\n<\/div>\n<div>20\u20ac FULL PASS ( stage et sociale)<\/div>\n<div>\n<div>10\u20ac FULL PASS ( sociale)<\/div>\n<\/div>\n<div>\n<div><\/div>\n<\/div>\n<div>\n<div>\u2728\ufe0f\u2728\ufe0f Professeurs &amp; Artistes\u00a0\u2728\ufe0f\u2728\ufe0f<\/div>\n<div>Pamela (Bruxelles\/Belgique)<\/div>\n<div>Serge (Amiens\/France)<\/div>\n<\/div>\n<div>\n<div><\/div>\n<\/div>\n<div>\n<div>\u2728\ufe0f\u2728\ufe0f ADRESSE\u2728\ufe0f\u2728\ufe0f<\/div>\n<\/div>\n<div>\n<div>Kizomba Amiens<\/div>\n<div>17 rue dupontreu\u00e9, 80080 Amiens<\/div>\n<\/div>\n<div>\n<div><\/div>\n<\/div>\n<div>\n<div>\u2728\ufe0f\u2728\ufe0f CONTACT \u2728\ufe0f\u2728\ufe0f<\/div>\n<\/div>\n<div>\n<div>Tel : +33783046479<\/div>\n<\/div>\n<div><img  title=\"\" loading=\"lazy\" decoding=\"async\" class=\"alignnone size-medium wp-image-653\" src=\"https:\/\/www.kizomba-amiens.fr\/wp-content\/uploads\/2025\/05\/september-Votre-story-2-169x300.png\"  alt=\"september-Votre-story-2-169x300 Nos \u00e9v\u00e8nements\"  width=\"169\" height=\"300\" srcset=\"https:\/\/www.kizomba-amiens.fr\/wp-content\/uploads\/2025\/05\/september-Votre-story-2-169x300.png 169w, https:\/\/www.kizomba-amiens.fr\/wp-content\/uploads\/2025\/05\/september-Votre-story-2-576x1024.png 576w, https:\/\/www.kizomba-amiens.fr\/wp-content\/uploads\/2025\/05\/september-Votre-story-2-768x1365.png 768w, https:\/\/www.kizomba-amiens.fr\/wp-content\/uploads\/2025\/05\/september-Votre-story-2-864x1536.png 864w, https:\/\/www.kizomba-amiens.fr\/wp-content\/uploads\/2025\/05\/september-Votre-story-2-1152x2048.png 1152w\" sizes=\"auto, (max-width: 169px) 100vw, 169px\" \/><\/div>\n<\/div>\n<div><\/div>\n<div><strong>23 au 24 novembre 2024, de 14h \u00e0 03h<\/strong><\/div>\n<p>STAGE de KIZOMBA et SEMBA avec FRANS et SARAH KIZOMBALOVE suivi d&rsquo;une soir\u00e9e SBK<\/p>\n<\/div>\n<p>FRANS &amp; SARAH \u00a0KIZOMBALOVE que l&rsquo;on ne pr\u00e9sente plus sur la sc\u00e8ne internationale seront avec nous le samedi 23 novembre \u00e0 Amiens.<\/p>\n<p>Au programme, un apprentissage \u00e9volutif de KIZOMBA et SEMBA qui vous permettra de perfectionner et ajouter un plus \u00e0 votre danse. 3H de stage au total<\/p>\n<p>&nbsp;<\/p>\n<p>Lieu : Ecole Paul Vincensini<\/p>\n<p>Adresse : \u00a017 Rue L\u00e9on Dupontreu\u00e9 80080 Amiens.<\/p>\n<p>14H00 \u2013 17H00 : Stage de KIZOMBA et SEMBA avec FRANS &amp; SARAH<\/p>\n<p>21H00 \u2013 22H00 : Cours de KIZOMBA avec SERGE &amp; ANA\u00cfS<\/p>\n<p>22H00 \u2013 03H00 : Soir\u00e9e SBK avec DJ MWAN&rsquo;AFRIKA<\/p>\n<p>&nbsp;<\/p>\n<p>Info &amp; r\u00e9servation\u00a0Mail : info@kizomba-amiens.fr<\/p>\n<p>T\u00e9l : 07 83 04 64 79 \/ 06 83 14 45 75<\/p>\n<\/div>\n<\/div>\n","protected":false},"excerpt":{"rendered":"<p>Ann\u00e9e 2024 &#8211; 2025 Chez Kizomba Amiens, 2026 \u00e7a bouge : \u2b50\ufe0f 13 &#8211; 14 juin 2026\u00a0 \u2b50\ufe0f : luandamiens https:\/\/www.billetweb.fr\/festa-luandamiens \u2b50\ufe0f Festa de Quintal Luand\u2019Amiens \u2b50\ufe0f 13 &#8211; 14 juin 2026\u00a0 \u2b50\ufe0f La petite Venise du Nord, Amiens vous accueille dans un cadre de r\u00eave au bord de l&rsquo;eau pour un week-end de danse [&hellip;]<\/p>\n","protected":false},"author":1,"featured_media":0,"parent":0,"menu_order":0,"comment_status":"closed","ping_status":"closed","template":"","meta":{"footnotes":""},"class_list":["post-147","page","type-page","status-publish","hentry"],"yoast_head":"<!-- This site is optimized with the Yoast SEO plugin v25.9 - https:\/\/yoast.com\/wordpress\/plugins\/seo\/ -->\n<title>Nos \u00e9v\u00e8nements - KIZOMBA AMIENS<\/title>\n<meta name=\"robots\" content=\"index, follow, max-snippet:-1, max-image-preview:large, max-video-preview:-1\" \/>\n<link rel=\"canonical\" href=\"https:\/\/www.kizomba-amiens.fr\/?page_id=147\" \/>\n<meta property=\"og:locale\" content=\"fr_FR\" \/>\n<meta property=\"og:type\" content=\"article\" \/>\n<meta property=\"og:title\" content=\"Nos \u00e9v\u00e8nements - KIZOMBA AMIENS\" \/>\n<meta property=\"og:description\" content=\"Ann\u00e9e 2024 &#8211; 2025 Chez Kizomba Amiens, 2026 \u00e7a bouge : \u2b50\ufe0f 13 &#8211; 14 juin 2026\u00a0 \u2b50\ufe0f : luandamiens https:\/\/www.billetweb.fr\/festa-luandamiens \u2b50\ufe0f Festa de Quintal Luand\u2019Amiens \u2b50\ufe0f 13 &#8211; 14 juin 2026\u00a0 \u2b50\ufe0f La petite Venise du Nord, Amiens vous accueille dans un cadre de r\u00eave au bord de l&rsquo;eau pour un week-end de danse [&hellip;]\" \/>\n<meta property=\"og:url\" content=\"https:\/\/www.kizomba-amiens.fr\/?page_id=147\" \/>\n<meta property=\"og:site_name\" content=\"KIZOMBA AMIENS\" \/>\n<meta property=\"article:publisher\" content=\"https:\/\/www.facebook.com\/kizomba.amiens\" \/>\n<meta property=\"article:modified_time\" content=\"2025-09-14T11:46:26+00:00\" \/>\n<meta property=\"og:image\" content=\"https:\/\/www.kizomba-amiens.fr\/wp-content\/uploads\/2025\/05\/september-Votre-story-2-576x1024.png\" \/>\n\t<meta property=\"og:image:width\" content=\"576\" \/>\n\t<meta property=\"og:image:height\" content=\"1024\" \/>\n\t<meta property=\"og:image:type\" content=\"image\/png\" \/>\n<meta name=\"twitter:card\" content=\"summary_large_image\" \/>\n<meta name=\"twitter:label1\" content=\"Dur\u00e9e de lecture estim\u00e9e\" \/>\n\t<meta name=\"twitter:data1\" content=\"3 minutes\" \/>\n<script type=\"application\/ld+json\" class=\"yoast-schema-graph\">{\"@context\":\"https:\/\/schema.org\",\"@graph\":[{\"@type\":\"WebPage\",\"@id\":\"https:\/\/www.kizomba-amiens.fr\/?page_id=147\",\"url\":\"https:\/\/www.kizomba-amiens.fr\/?page_id=147\",\"name\":\"Nos \u00e9v\u00e8nements - KIZOMBA AMIENS\",\"isPartOf\":{\"@id\":\"https:\/\/www.kizomba-amiens.fr\/#website\"},\"primaryImageOfPage\":{\"@id\":\"https:\/\/www.kizomba-amiens.fr\/?page_id=147#primaryimage\"},\"image\":{\"@id\":\"https:\/\/www.kizomba-amiens.fr\/?page_id=147#primaryimage\"},\"thumbnailUrl\":\"https:\/\/www.kizomba-amiens.fr\/wp-content\/uploads\/2025\/05\/september-Votre-story-2-169x300.png\",\"datePublished\":\"2018-10-12T21:11:33+00:00\",\"dateModified\":\"2025-09-14T11:46:26+00:00\",\"breadcrumb\":{\"@id\":\"https:\/\/www.kizomba-amiens.fr\/?page_id=147#breadcrumb\"},\"inLanguage\":\"fr-FR\",\"potentialAction\":[{\"@type\":\"ReadAction\",\"target\":[\"https:\/\/www.kizomba-amiens.fr\/?page_id=147\"]}]},{\"@type\":\"ImageObject\",\"inLanguage\":\"fr-FR\",\"@id\":\"https:\/\/www.kizomba-amiens.fr\/?page_id=147#primaryimage\",\"url\":\"https:\/\/www.kizomba-amiens.fr\/wp-content\/uploads\/2025\/05\/september-Votre-story-2.png\",\"contentUrl\":\"https:\/\/www.kizomba-amiens.fr\/wp-content\/uploads\/2025\/05\/september-Votre-story-2.png\",\"width\":2160,\"height\":3840},{\"@type\":\"BreadcrumbList\",\"@id\":\"https:\/\/www.kizomba-amiens.fr\/?page_id=147#breadcrumb\",\"itemListElement\":[{\"@type\":\"ListItem\",\"position\":1,\"name\":\"Home\",\"item\":\"https:\/\/www.kizomba-amiens.fr\/\"},{\"@type\":\"ListItem\",\"position\":2,\"name\":\"Nos \u00e9v\u00e8nements\"}]},{\"@type\":\"WebSite\",\"@id\":\"https:\/\/www.kizomba-amiens.fr\/#website\",\"url\":\"https:\/\/www.kizomba-amiens.fr\/\",\"name\":\"KIZOMBA AMIENS\",\"description\":\"Les mardis ensoleill\u00e9s\",\"potentialAction\":[{\"@type\":\"SearchAction\",\"target\":{\"@type\":\"EntryPoint\",\"urlTemplate\":\"https:\/\/www.kizomba-amiens.fr\/?s={search_term_string}\"},\"query-input\":{\"@type\":\"PropertyValueSpecification\",\"valueRequired\":true,\"valueName\":\"search_term_string\"}}],\"inLanguage\":\"fr-FR\"}]}<\/script>\n<!-- \/ Yoast SEO plugin. -->","yoast_head_json":{"title":"Nos \u00e9v\u00e8nements - KIZOMBA AMIENS","robots":{"index":"index","follow":"follow","max-snippet":"max-snippet:-1","max-image-preview":"max-image-preview:large","max-video-preview":"max-video-preview:-1"},"canonical":"https:\/\/www.kizomba-amiens.fr\/?page_id=147","og_locale":"fr_FR","og_type":"article","og_title":"Nos \u00e9v\u00e8nements - KIZOMBA AMIENS","og_description":"Ann\u00e9e 2024 &#8211; 2025 Chez Kizomba Amiens, 2026 \u00e7a bouge : \u2b50\ufe0f 13 &#8211; 14 juin 2026\u00a0 \u2b50\ufe0f : luandamiens https:\/\/www.billetweb.fr\/festa-luandamiens \u2b50\ufe0f Festa de Quintal Luand\u2019Amiens \u2b50\ufe0f 13 &#8211; 14 juin 2026\u00a0 \u2b50\ufe0f La petite Venise du Nord, Amiens vous accueille dans un cadre de r\u00eave au bord de l&rsquo;eau pour un week-end de danse [&hellip;]","og_url":"https:\/\/www.kizomba-amiens.fr\/?page_id=147","og_site_name":"KIZOMBA AMIENS","article_publisher":"https:\/\/www.facebook.com\/kizomba.amiens","article_modified_time":"2025-09-14T11:46:26+00:00","og_image":[{"width":576,"height":1024,"url":"https:\/\/www.kizomba-amiens.fr\/wp-content\/uploads\/2025\/05\/september-Votre-story-2-576x1024.png","type":"image\/png"}],"twitter_card":"summary_large_image","twitter_misc":{"Dur\u00e9e de lecture estim\u00e9e":"3 minutes"},"schema":{"@context":"https:\/\/schema.org","@graph":[{"@type":"WebPage","@id":"https:\/\/www.kizomba-amiens.fr\/?page_id=147","url":"https:\/\/www.kizomba-amiens.fr\/?page_id=147","name":"Nos \u00e9v\u00e8nements - KIZOMBA AMIENS","isPartOf":{"@id":"https:\/\/www.kizomba-amiens.fr\/#website"},"primaryImageOfPage":{"@id":"https:\/\/www.kizomba-amiens.fr\/?page_id=147#primaryimage"},"image":{"@id":"https:\/\/www.kizomba-amiens.fr\/?page_id=147#primaryimage"},"thumbnailUrl":"https:\/\/www.kizomba-amiens.fr\/wp-content\/uploads\/2025\/05\/september-Votre-story-2-169x300.png","datePublished":"2018-10-12T21:11:33+00:00","dateModified":"2025-09-14T11:46:26+00:00","breadcrumb":{"@id":"https:\/\/www.kizomba-amiens.fr\/?page_id=147#breadcrumb"},"inLanguage":"fr-FR","potentialAction":[{"@type":"ReadAction","target":["https:\/\/www.kizomba-amiens.fr\/?page_id=147"]}]},{"@type":"ImageObject","inLanguage":"fr-FR","@id":"https:\/\/www.kizomba-amiens.fr\/?page_id=147#primaryimage","url":"https:\/\/www.kizomba-amiens.fr\/wp-content\/uploads\/2025\/05\/september-Votre-story-2.png","contentUrl":"https:\/\/www.kizomba-amiens.fr\/wp-content\/uploads\/2025\/05\/september-Votre-story-2.png","width":2160,"height":3840},{"@type":"BreadcrumbList","@id":"https:\/\/www.kizomba-amiens.fr\/?page_id=147#breadcrumb","itemListElement":[{"@type":"ListItem","position":1,"name":"Home","item":"https:\/\/www.kizomba-amiens.fr\/"},{"@type":"ListItem","position":2,"name":"Nos \u00e9v\u00e8nements"}]},{"@type":"WebSite","@id":"https:\/\/www.kizomba-amiens.fr\/#website","url":"https:\/\/www.kizomba-amiens.fr\/","name":"KIZOMBA AMIENS","description":"Les mardis ensoleill\u00e9s","potentialAction":[{"@type":"SearchAction","target":{"@type":"EntryPoint","urlTemplate":"https:\/\/www.kizomba-amiens.fr\/?s={search_term_string}"},"query-input":{"@type":"PropertyValueSpecification","valueRequired":true,"valueName":"search_term_string"}}],"inLanguage":"fr-FR"}]}},"_links":{"self":[{"href":"https:\/\/www.kizomba-amiens.fr\/index.php?rest_route=\/wp\/v2\/pages\/147","targetHints":{"allow":["GET"]}}],"collection":[{"href":"https:\/\/www.kizomba-amiens.fr\/index.php?rest_route=\/wp\/v2\/pages"}],"about":[{"href":"https:\/\/www.kizomba-amiens.fr\/index.php?rest_route=\/wp\/v2\/types\/page"}],"author":[{"embeddable":true,"href":"https:\/\/www.kizomba-amiens.fr\/index.php?rest_route=\/wp\/v2\/users\/1"}],"replies":[{"embeddable":true,"href":"https:\/\/www.kizomba-amiens.fr\/index.php?rest_route=%2Fwp%2Fv2%2Fcomments&post=147"}],"version-history":[{"count":20,"href":"https:\/\/www.kizomba-amiens.fr\/index.php?rest_route=\/wp\/v2\/pages\/147\/revisions"}],"predecessor-version":[{"id":693,"href":"https:\/\/www.kizomba-amiens.fr\/index.php?rest_route=\/wp\/v2\/pages\/147\/revisions\/693"}],"wp:attachment":[{"href":"https:\/\/www.kizomba-amiens.fr\/index.php?rest_route=%2Fwp%2Fv2%2Fmedia&parent=147"}],"curies":[{"name":"wp","href":"https:\/\/api.w.org\/{rel}","templated":true}]}}